{"id":572,"date":"2025-01-03T08:00:49","date_gmt":"2025-01-03T08:00:49","guid":{"rendered":"https:\/\/vientosdelcaribe.barontech.co\/?page_id=572"},"modified":"2025-03-19T10:59:55","modified_gmt":"2025-03-19T10:59:55","slug":"contact-page","status":"publish","type":"page","link":"https:\/\/vientosdelcaribe.com\/es\/contact-page\/","title":{"rendered":"contact page"},"content":{"rendered":"\t\t<div data-elementor-type=\"wp-page\" data-elementor-id=\"572\" class=\"elementor elementor-572\" data-elementor-post-type=\"page\">\n\t\t\t\t<div class=\"elementor-element elementor-element-1461d8d e-con-full e-flex e-con e-parent\" data-id=\"1461d8d\" data-element_type=\"container\" data-settings=\"{&quot;background_background&quot;:&quot;classic&quot;}\">\n\t\t<div class=\"elementor-element elementor-element-28b606b e-flex e-con-boxed e-con e-child\" data-id=\"28b606b\" data-element_type=\"container\">\n\t\t\t\t\t<div class=\"e-con-inner\">\n\t\t\t\t<div class=\"elementor-element elementor-element-2d107e2 elementor-widget elementor-widget-heading\" data-id=\"2d107e2\" data-element_type=\"widget\" data-widget_type=\"heading.default\">\n\t\t\t\t<div class=\"elementor-widget-container\">\n\t\t\t\t\t<h2 class=\"elementor-heading-title elementor-size-default\">Del Caribe isla margarita <\/h2>\t\t\t\t<\/div>\n\t\t\t\t<\/div>\n\t\t\t\t<div class=\"elementor-element elementor-element-8f58cdf elementor-widget elementor-widget-heading\" data-id=\"8f58cdf\" data-element_type=\"widget\" data-widget_type=\"heading.default\">\n\t\t\t\t<div class=\"elementor-widget-container\">\n\t\t\t\t\t<h1 class=\"elementor-heading-title elementor-size-default\">CONTACT US<\/h1>\t\t\t\t<\/div>\n\t\t\t\t<\/div>\n\t\t\t\t\t<\/div>\n\t\t\t\t<\/div>\n\t\t\t\t<\/div>\n\t\t<div class=\"elementor-element elementor-element-4bd33c3 e-flex e-con-boxed e-con e-parent\" data-id=\"4bd33c3\" data-element_type=\"container\">\n\t\t\t\t\t<div class=\"e-con-inner\">\n\t\t\t\t<div class=\"elementor-element elementor-element-9b408c0 elementor-widget elementor-widget-heading\" data-id=\"9b408c0\" data-element_type=\"widget\" data-widget_type=\"heading.default\">\n\t\t\t\t<div class=\"elementor-widget-container\">\n\t\t\t\t\t<h1 class=\"elementor-heading-title elementor-size-default\">Reserve your treatment<\/h1>\t\t\t\t<\/div>\n\t\t\t\t<\/div>\n\t\t\t\t\t<\/div>\n\t\t\t\t<\/div>\n\t\t<div class=\"elementor-element elementor-element-8037f0a e-flex e-con-boxed e-con e-parent\" data-id=\"8037f0a\" data-element_type=\"container\">\n\t\t\t\t\t<div class=\"e-con-inner\">\n\t\t\t\t<div class=\"elementor-element elementor-element-8201da5 elementor-button-align-stretch elementor-widget elementor-widget-form\" data-id=\"8201da5\" data-element_type=\"widget\" data-settings=\"{&quot;button_width&quot;:&quot;20&quot;,&quot;step_next_label&quot;:&quot;Next&quot;,&quot;step_previous_label&quot;:&quot;Previous&quot;,&quot;button_width_mobile&quot;:&quot;33&quot;,&quot;step_type&quot;:&quot;number_text&quot;,&quot;step_icon_shape&quot;:&quot;circle&quot;}\" data-widget_type=\"form.default\">\n\t\t\t\t<div class=\"elementor-widget-container\">\n\t\t\t\t\t\t\t<form class=\"elementor-form\" method=\"post\" name=\"New Form\">\n\t\t\t<input type=\"hidden\" name=\"post_id\" value=\"572\"\/>\n\t\t\t<input type=\"hidden\" name=\"form_id\" value=\"8201da5\"\/>\n\t\t\t<input type=\"hidden\" name=\"referer_title\" value=\"contact page\" \/>\n\n\t\t\t\t\t\t\t<input type=\"hidden\" name=\"queried_id\" value=\"572\"\/>\n\t\t\t\n\t\t\t<div class=\"elementor-form-fields-wrapper elementor-labels-above\">\n\t\t\t\t\t\t\t\t<div class=\"elementor-field-type-text elementor-field-group elementor-column elementor-field-group-name elementor-col-50\">\n\t\t\t\t\t\t\t\t\t\t\t\t<label for=\"form-field-name\" class=\"elementor-field-label\">\n\t\t\t\t\t\t\t\tNombre \/ First Name*\t\t\t\t\t\t\t<\/label>\n\t\t\t\t\t\t\t\t\t\t\t\t\t\t<input size=\"1\" type=\"text\" name=\"form_fields[name]\" id=\"form-field-name\" class=\"elementor-field elementor-size-sm  elementor-field-textual\" placeholder=\"eg: John\">\n\t\t\t\t\t\t\t\t\t\t\t<\/div>\n\t\t\t\t\t\t\t\t<div class=\"elementor-field-type-email elementor-field-group elementor-column elementor-field-group-email elementor-col-50 elementor-field-required\">\n\t\t\t\t\t\t\t\t\t\t\t\t<label for=\"form-field-email\" class=\"elementor-field-label\">\n\t\t\t\t\t\t\t\tEmail*\t\t\t\t\t\t\t<\/label>\n\t\t\t\t\t\t\t\t\t\t\t\t\t\t<input size=\"1\" type=\"email\" name=\"form_fields[email]\" id=\"form-field-email\" class=\"elementor-field elementor-size-sm  elementor-field-textual\" placeholder=\"eg: john@email.com \" required=\"required\">\n\t\t\t\t\t\t\t\t\t\t\t<\/div>\n\t\t\t\t\t\t\t\t<div class=\"elementor-field-type-tel elementor-field-group elementor-column elementor-field-group-field_bdabc03 elementor-col-50 elementor-field-required\">\n\t\t\t\t\t\t\t\t\t\t\t\t<label for=\"form-field-field_bdabc03\" class=\"elementor-field-label\">\n\t\t\t\t\t\t\t\tN\u00famero de tel\u00e9fono*\t\t\t\t\t\t\t<\/label>\n\t\t\t\t\t\t<span class=\"ccfef-editor-intl-input\" data-id=\"form-field-field_bdabc03\" data-field-id=\"bdabc03\" data-default-country=\"us\" data-include-countries=\"\" data-exclude-countries=\"\" data-dial-code-visibility=\"show\" data-strict-mode=\"no\" style=\"display: none;\"><\/span>\t\t<input size=\"1\" type=\"tel\" name=\"form_fields[field_bdabc03]\" id=\"form-field-field_bdabc03\" class=\"elementor-field elementor-size-sm  elementor-field-textual\" placeholder=\"543210987\" required=\"required\" pattern=\"[0-9()#&amp;+*-=.]+\" title=\"Only numbers and phone characters (#, -, *, etc) are accepted.\">\n\n\t\t\t\t\t\t<\/div>\n\t\t\t\t\t\t\t\t<div class=\"elementor-field-type-text elementor-field-group elementor-column elementor-field-group-field_3a55080 elementor-col-50\">\n\t\t\t\t\t\t\t\t\t\t\t\t<label for=\"form-field-field_3a55080\" class=\"elementor-field-label\">\n\t\t\t\t\t\t\t\tApellido \/ Last Name\t\t\t\t\t\t\t<\/label>\n\t\t\t\t\t\t\t\t\t\t\t\t\t\t<input size=\"1\" type=\"text\" name=\"form_fields[field_3a55080]\" id=\"form-field-field_3a55080\" class=\"elementor-field elementor-size-sm  elementor-field-textual\" placeholder=\"eg: Doe\">\n\t\t\t\t\t\t\t\t\t\t\t<\/div>\n\t\t\t\t\t\t\t\t<div class=\"elementor-field-type-checkbox elementor-field-group elementor-column elementor-field-group-field_c041d04 elementor-col-100\">\n\t\t\t\t\t\t\t\t\t\t\t\t<label for=\"form-field-field_c041d04\" class=\"elementor-field-label\">\n\t\t\t\t\t\t\t\t\u00bfEn qu\u00e9 te podemos ayudar? \/ How can we help you?*\t\t\t\t\t\t\t<\/label>\n\t\t\t\t\t\t<div class=\"elementor-field-subgroup  \"><span class=\"elementor-field-option\"><input type=\"checkbox\" value=\"Reservar hospedaje \/ Book a room\" id=\"form-field-field_c041d04-0\" name=\"form_fields[field_c041d04][]\"> <label for=\"form-field-field_c041d04-0\">Reservar hospedaje \/ Book a room<\/label><\/span><span class=\"elementor-field-option\"><input type=\"checkbox\" value=\"M\u00e1s informaci\u00f3n sobre la membres\u00eda \/ More info about the mempership\" id=\"form-field-field_c041d04-1\" name=\"form_fields[field_c041d04][]\"> <label for=\"form-field-field_c041d04-1\">M\u00e1s informaci\u00f3n sobre la membres\u00eda \/ More info about the mempership<\/label><\/span><span class=\"elementor-field-option\"><input type=\"checkbox\" value=\"Aqua Tonic: Reserva restaurante \/ Restaurant reservation\" id=\"form-field-field_c041d04-2\" name=\"form_fields[field_c041d04][]\"> <label for=\"form-field-field_c041d04-2\">Aqua Tonic: Reserva restaurante \/ Restaurant reservation<\/label><\/span><span class=\"elementor-field-option\"><input type=\"checkbox\" value=\"Janna Spa: Reserva Spa \/ Spa Reservation\" id=\"form-field-field_c041d04-3\" name=\"form_fields[field_c041d04][]\"> <label for=\"form-field-field_c041d04-3\">Janna Spa: Reserva Spa \/ Spa Reservation<\/label><\/span><span class=\"elementor-field-option\"><input type=\"checkbox\" value=\"Reserva para evento \/ Event reservation\" id=\"form-field-field_c041d04-4\" name=\"form_fields[field_c041d04][]\"> <label for=\"form-field-field_c041d04-4\">Reserva para evento \/ Event reservation<\/label><\/span><\/div>\t\t\t\t<\/div>\n\t\t\t\t\t\t\t\t<div class=\"elementor-field-group elementor-column elementor-field-type-submit elementor-col-20 e-form__buttons elementor-sm-33\">\n\t\t\t\t\t<button class=\"elementor-button elementor-size-sm\" type=\"submit\">\n\t\t\t\t\t\t<span class=\"elementor-button-content-wrapper\">\n\t\t\t\t\t\t\t\t\t\t\t\t\t\t\t\t\t\t\t\t\t\t<span class=\"elementor-button-text\">Enviar<\/span>\n\t\t\t\t\t\t\t\t\t\t\t\t\t<\/span>\n\t\t\t\t\t<\/button>\n\t\t\t\t<\/div>\n\t\t\t<\/div>\n\t\t<\/form>\n\t\t\t\t\t\t<\/div>\n\t\t\t\t<\/div>\n\t\t\t\t\t<\/div>\n\t\t\t\t<\/div>\n\t\t<div class=\"elementor-element elementor-element-02683ad e-flex e-con-boxed e-con e-parent\" data-id=\"02683ad\" data-element_type=\"container\">\n\t\t\t\t\t<div class=\"e-con-inner\">\n\t\t\t\t<div class=\"elementor-element elementor-element-edcaea9 elementor-widget elementor-widget-spacer\" data-id=\"edcaea9\" data-element_type=\"widget\" data-widget_type=\"spacer.default\">\n\t\t\t\t<div class=\"elementor-widget-container\">\n\t\t\t\t\t\t\t<div class=\"elementor-spacer\">\n\t\t\t<div class=\"elementor-spacer-inner\"><\/div>\n\t\t<\/div>\n\t\t\t\t\t\t<\/div>\n\t\t\t\t<\/div>\n\t\t\t\t\t<\/div>\n\t\t\t\t<\/div>\n\t\t\t\t<\/div>\n\t\t","protected":false},"excerpt":{"rendered":"<p>Del Caribe isla margarita CONTACT US Reserve your treatment<\/p>\n","protected":false},"author":1,"featured_media":0,"parent":0,"menu_order":0,"comment_status":"closed","ping_status":"closed","template":"","meta":{"footnotes":""},"class_list":["post-572","page","type-page","status-publish","hentry"],"_links":{"self":[{"href":"https:\/\/vientosdelcaribe.com\/es\/wp-json\/wp\/v2\/pages\/572","targetHints":{"allow":["GET"]}}],"collection":[{"href":"https:\/\/vientosdelcaribe.com\/es\/wp-json\/wp\/v2\/pages"}],"about":[{"href":"https:\/\/vientosdelcaribe.com\/es\/wp-json\/wp\/v2\/types\/page"}],"author":[{"embeddable":true,"href":"https:\/\/vientosdelcaribe.com\/es\/wp-json\/wp\/v2\/users\/1"}],"replies":[{"embeddable":true,"href":"https:\/\/vientosdelcaribe.com\/es\/wp-json\/wp\/v2\/comments?post=572"}],"version-history":[{"count":58,"href":"https:\/\/vientosdelcaribe.com\/es\/wp-json\/wp\/v2\/pages\/572\/revisions"}],"predecessor-version":[{"id":6185,"href":"https:\/\/vientosdelcaribe.com\/es\/wp-json\/wp\/v2\/pages\/572\/revisions\/6185"}],"wp:attachment":[{"href":"https:\/\/vientosdelcaribe.com\/es\/wp-json\/wp\/v2\/media?parent=572"}],"curies":[{"name":"wp","href":"https:\/\/api.w.org\/{rel}","templated":true}]}}