{"id":11,"date":"2025-01-02T08:08:50","date_gmt":"2025-01-02T08:08:50","guid":{"rendered":"https:\/\/vientosdelcaribe.barontech.co\/?page_id=11"},"modified":"2025-03-19T07:14:10","modified_gmt":"2025-03-19T07:14:10","slug":"foundation","status":"publish","type":"page","link":"https:\/\/vientosdelcaribe.com\/es\/foundation\/","title":{"rendered":"Foundation"},"content":{"rendered":"\t\t<div data-elementor-type=\"wp-page\" data-elementor-id=\"11\" class=\"elementor elementor-11\" data-elementor-post-type=\"page\">\n\t\t\t\t<div class=\"elementor-element elementor-element-921650a e-con-full e-flex e-con e-parent\" data-id=\"921650a\" data-element_type=\"container\" data-settings=\"{&quot;background_background&quot;:&quot;classic&quot;}\">\n\t\t\t\t<\/div>\n\t\t<div class=\"elementor-element elementor-element-93fc215 e-flex e-con-boxed e-con e-parent\" data-id=\"93fc215\" data-element_type=\"container\" data-settings=\"{&quot;background_background&quot;:&quot;classic&quot;}\">\n\t\t\t\t\t<div class=\"e-con-inner\">\n\t\t<div class=\"elementor-element elementor-element-e6f2cc9 e-con-full e-flex e-con e-child\" data-id=\"e6f2cc9\" data-element_type=\"container\">\n\t\t\t\t<div class=\"elementor-element elementor-element-0680c98 elementor-widget__width-inherit elementor-position-top elementor-widget elementor-widget-image-box\" data-id=\"0680c98\" data-element_type=\"widget\" data-widget_type=\"image-box.default\">\n\t\t\t\t<div class=\"elementor-widget-container\">\n\t\t\t\t\t<div class=\"elementor-image-box-wrapper\"><figure class=\"elementor-image-box-img\"><img decoding=\"async\" src=\"https:\/\/vientosdelcaribe.com\/wp-content\/uploads\/elementor\/thumbs\/FoundationIcon-qzen658arvkcs8bogf426d4fpob14ptipjco7nlk1s.png\" title=\"FoundationIcon\" alt=\"FoundationIcon\" loading=\"lazy\" \/><\/figure><div class=\"elementor-image-box-content\"><h3 class=\"elementor-image-box-title\">Planting seeds for Future Generations<\/h3><\/div><\/div>\t\t\t\t<\/div>\n\t\t\t\t<\/div>\n\t\t\t\t<div class=\"elementor-element elementor-element-0c58188 elementor-widget elementor-widget-text-editor\" data-id=\"0c58188\" data-element_type=\"widget\" data-widget_type=\"text-editor.default\">\n\t\t\t\t<div class=\"elementor-widget-container\">\n\t\t\t\t\t\t\t\t\t<p>Vientos Del Caribe has set up the Planta Una Planta Foundation with an eye toward the future of our local community here on <br \/>Margarita Island.<\/p>\t\t\t\t\t\t\t\t<\/div>\n\t\t\t\t<\/div>\n\t\t\t\t<div class=\"elementor-element elementor-element-d89a9a4 elementor-widget elementor-widget-text-editor\" data-id=\"d89a9a4\" data-element_type=\"widget\" data-widget_type=\"text-editor.default\">\n\t\t\t\t<div class=\"elementor-widget-container\">\n\t\t\t\t\t\t\t\t\t<p>The goal of the foundation is to plant a seed for future generations to grow up respecting the local community and work <br \/>toward ensuring it is valued and well taken care of.<\/p>\t\t\t\t\t\t\t\t<\/div>\n\t\t\t\t<\/div>\n\t\t\t\t<div class=\"elementor-element elementor-element-3581e02 elementor-widget elementor-widget-text-editor\" data-id=\"3581e02\" data-element_type=\"widget\" data-widget_type=\"text-editor.default\">\n\t\t\t\t<div class=\"elementor-widget-container\">\n\t\t\t\t\t\t\t\t\t<p>Planta Una Plana is involved in a number of activities across Margarita Island including:<\/p>\t\t\t\t\t\t\t\t<\/div>\n\t\t\t\t<\/div>\n\t\t\t\t<\/div>\n\t\t\t\t\t<\/div>\n\t\t\t\t<\/div>\n\t\t<div class=\"elementor-element elementor-element-1c601e1 e-flex e-con-boxed e-con e-parent\" data-id=\"1c601e1\" data-element_type=\"container\" data-settings=\"{&quot;background_background&quot;:&quot;classic&quot;}\">\n\t\t\t\t\t<div class=\"e-con-inner\">\n\t\t<div class=\"elementor-element elementor-element-e82f513 e-con-full e-flex e-con e-child\" data-id=\"e82f513\" data-element_type=\"container\">\n\t\t<div class=\"elementor-element elementor-element-6202b01 e-con-full e-flex e-con e-child\" data-id=\"6202b01\" data-element_type=\"container\">\n\t\t<div class=\"elementor-element elementor-element-8eaab7e e-con-full elementor-hidden-tablet elementor-hidden-mobile e-flex e-con e-child\" data-id=\"8eaab7e\" data-element_type=\"container\" data-settings=\"{&quot;background_background&quot;:&quot;classic&quot;}\">\n\t\t\t\t<div class=\"elementor-element elementor-element-106d242 elementor-widget-divider--view-line elementor-widget elementor-widget-divider\" data-id=\"106d242\" data-element_type=\"widget\" data-widget_type=\"divider.default\">\n\t\t\t\t<div class=\"elementor-widget-container\">\n\t\t\t\t\t\t\t<div class=\"elementor-divider\">\n\t\t\t<span class=\"elementor-divider-separator\">\n\t\t\t\t\t\t<\/span>\n\t\t<\/div>\n\t\t\t\t\t\t<\/div>\n\t\t\t\t<\/div>\n\t\t\t\t<\/div>\n\t\t<div class=\"elementor-element elementor-element-173cb1f e-con-full e-flex e-con e-child\" data-id=\"173cb1f\" data-element_type=\"container\">\n\t\t\t\t<div class=\"elementor-element elementor-element-b89d7e4 elementor-widget elementor-widget-heading\" data-id=\"b89d7e4\" data-element_type=\"widget\" data-widget_type=\"heading.default\">\n\t\t\t\t<div class=\"elementor-widget-container\">\n\t\t\t\t\t<p class=\"elementor-heading-title elementor-size-default\">PLANTA UNA PLANTA INITIATIVES<\/p>\t\t\t\t<\/div>\n\t\t\t\t<\/div>\n\t\t\t\t<\/div>\n\t\t<div class=\"elementor-element elementor-element-61a5519 e-con-full elementor-hidden-tablet elementor-hidden-mobile e-flex e-con e-child\" data-id=\"61a5519\" data-element_type=\"container\" data-settings=\"{&quot;background_background&quot;:&quot;classic&quot;}\">\n\t\t\t\t<div class=\"elementor-element elementor-element-00415db elementor-widget-divider--view-line elementor-widget elementor-widget-divider\" data-id=\"00415db\" data-element_type=\"widget\" data-widget_type=\"divider.default\">\n\t\t\t\t<div class=\"elementor-widget-container\">\n\t\t\t\t\t\t\t<div class=\"elementor-divider\">\n\t\t\t<span class=\"elementor-divider-separator\">\n\t\t\t\t\t\t<\/span>\n\t\t<\/div>\n\t\t\t\t\t\t<\/div>\n\t\t\t\t<\/div>\n\t\t\t\t<\/div>\n\t\t\t\t<\/div>\n\t\t\t\t<div class=\"elementor-element elementor-element-096f1bd elementor-widget-mobile__width-initial elementor-widget elementor-widget-text-editor\" data-id=\"096f1bd\" data-element_type=\"widget\" data-widget_type=\"text-editor.default\">\n\t\t\t\t<div class=\"elementor-widget-container\">\n\t\t\t\t\t\t\t\t\t<ul><li>Sending a team of 6 or 7 people to clean the town on a regular basis including washing the curbs,<br \/>trimming the plants and foliage, picking up garbage, etc.<\/li><li>Investing in the local clinic\/hospital to get it back up and running, securing medical care and <br \/>donations, and funding a doctor to come in a few times a week to attend to the local residents.<\/li><li>Working to get the local school up and running.<\/li><li>Employing people from the local community at Vientos Del Caribe and providing them with food,<br \/>water, and income.<\/li><li>Rehabilitating the local sports field so the kids have a safe area to play.<\/li><li>Providing classes for the local children to teach them to make things from recycled materials which <br \/>offers an education on how to conserve and reuse things.<\/li><\/ul>\t\t\t\t\t\t\t\t<\/div>\n\t\t\t\t<\/div>\n\t\t\t\t<\/div>\n\t\t\t\t\t<\/div>\n\t\t\t\t<\/div>\n\t\t<div class=\"elementor-element elementor-element-71f5a9e e-flex e-con-boxed e-con e-parent\" data-id=\"71f5a9e\" data-element_type=\"container\">\n\t\t\t\t\t<div class=\"e-con-inner\">\n\t\t<div class=\"elementor-element elementor-element-fc01080 e-con-full e-flex e-con e-child\" data-id=\"fc01080\" data-element_type=\"container\">\n\t\t<div class=\"elementor-element elementor-element-63cb731 e-con-full e-flex e-con e-child\" data-id=\"63cb731\" data-element_type=\"container\" data-settings=\"{&quot;background_background&quot;:&quot;classic&quot;}\">\n\t\t\t\t<div class=\"elementor-element elementor-element-520fc03 e-transform elementor-widget-tablet__width-inherit elementor-widget__width-inherit elementor-widget elementor-widget-image\" data-id=\"520fc03\" data-element_type=\"widget\" data-settings=\"{&quot;_transform_scale_effect_hover&quot;:{&quot;unit&quot;:&quot;px&quot;,&quot;size&quot;:1.1,&quot;sizes&quot;:[]},&quot;_transform_scale_effect_hover_tablet&quot;:{&quot;unit&quot;:&quot;px&quot;,&quot;size&quot;:&quot;&quot;,&quot;sizes&quot;:[]},&quot;_transform_scale_effect_hover_mobile&quot;:{&quot;unit&quot;:&quot;px&quot;,&quot;size&quot;:&quot;&quot;,&quot;sizes&quot;:[]}}\" data-widget_type=\"image.default\">\n\t\t\t\t<div class=\"elementor-widget-container\">\n\t\t\t\t\t\t\t\t\t\t\t\t\t\t\t<img fetchpriority=\"high\" decoding=\"async\" width=\"854\" height=\"845\" src=\"https:\/\/vientosdelcaribe.com\/wp-content\/uploads\/2025\/01\/FoundationCard.webp\" class=\"attachment-full size-full wp-image-66\" alt=\"\" srcset=\"https:\/\/vientosdelcaribe.com\/wp-content\/uploads\/2025\/01\/FoundationCard.webp 854w, https:\/\/vientosdelcaribe.com\/wp-content\/uploads\/2025\/01\/FoundationCard-300x297.webp 300w, https:\/\/vientosdelcaribe.com\/wp-content\/uploads\/2025\/01\/FoundationCard-768x760.webp 768w\" sizes=\"(max-width: 854px) 100vw, 854px\" \/>\t\t\t\t\t\t\t\t\t\t\t\t\t\t\t<\/div>\n\t\t\t\t<\/div>\n\t\t\t\t<div class=\"elementor-element elementor-element-178abc9 elementor-widget__width-initial elementor-absolute elementor-widget elementor-widget-button\" data-id=\"178abc9\" data-element_type=\"widget\" data-settings=\"{&quot;_position&quot;:&quot;absolute&quot;}\" data-widget_type=\"button.default\">\n\t\t\t\t<div class=\"elementor-widget-container\">\n\t\t\t\t\t\t\t\t\t<div class=\"elementor-button-wrapper\">\n\t\t\t\t\t<a class=\"elementor-button elementor-size-sm\" role=\"button\">\n\t\t\t\t\t\t<span class=\"elementor-button-content-wrapper\">\n\t\t\t\t\t\t\t\t\t<span class=\"elementor-button-text\">Culture<\/span>\n\t\t\t\t\t<\/span>\n\t\t\t\t\t<\/a>\n\t\t\t\t<\/div>\n\t\t\t\t\t\t\t\t<\/div>\n\t\t\t\t<\/div>\n\t\t\t\t<\/div>\n\t\t<div class=\"elementor-element elementor-element-5fb8b2a e-con-full e-flex e-con e-child\" data-id=\"5fb8b2a\" data-element_type=\"container\" data-settings=\"{&quot;background_background&quot;:&quot;classic&quot;}\">\n\t\t\t\t<div class=\"elementor-element elementor-element-abaea13 e-transform elementor-widget-tablet__width-inherit elementor-widget__width-inherit elementor-widget elementor-widget-image\" data-id=\"abaea13\" data-element_type=\"widget\" data-settings=\"{&quot;_transform_scale_effect_hover&quot;:{&quot;unit&quot;:&quot;px&quot;,&quot;size&quot;:1.1,&quot;sizes&quot;:[]},&quot;_transform_scale_effect_hover_tablet&quot;:{&quot;unit&quot;:&quot;px&quot;,&quot;size&quot;:&quot;&quot;,&quot;sizes&quot;:[]},&quot;_transform_scale_effect_hover_mobile&quot;:{&quot;unit&quot;:&quot;px&quot;,&quot;size&quot;:&quot;&quot;,&quot;sizes&quot;:[]}}\" data-widget_type=\"image.default\">\n\t\t\t\t<div class=\"elementor-widget-container\">\n\t\t\t\t\t\t\t\t\t\t\t\t\t\t\t<img decoding=\"async\" width=\"854\" height=\"845\" src=\"https:\/\/vientosdelcaribe.com\/wp-content\/uploads\/2025\/01\/FoundationCard2.webp\" class=\"attachment-full size-full wp-image-86\" alt=\"\" srcset=\"https:\/\/vientosdelcaribe.com\/wp-content\/uploads\/2025\/01\/FoundationCard2.webp 854w, https:\/\/vientosdelcaribe.com\/wp-content\/uploads\/2025\/01\/FoundationCard2-300x297.webp 300w, https:\/\/vientosdelcaribe.com\/wp-content\/uploads\/2025\/01\/FoundationCard2-768x760.webp 768w\" sizes=\"(max-width: 854px) 100vw, 854px\" \/>\t\t\t\t\t\t\t\t\t\t\t\t\t\t\t<\/div>\n\t\t\t\t<\/div>\n\t\t\t\t<div class=\"elementor-element elementor-element-fe32c81 elementor-widget__width-initial elementor-absolute elementor-widget elementor-widget-button\" data-id=\"fe32c81\" data-element_type=\"widget\" data-settings=\"{&quot;_position&quot;:&quot;absolute&quot;}\" data-widget_type=\"button.default\">\n\t\t\t\t<div class=\"elementor-widget-container\">\n\t\t\t\t\t\t\t\t\t<div class=\"elementor-button-wrapper\">\n\t\t\t\t\t<a class=\"elementor-button elementor-size-sm\" role=\"button\">\n\t\t\t\t\t\t<span class=\"elementor-button-content-wrapper\">\n\t\t\t\t\t\t\t\t\t<span class=\"elementor-button-text\">values<\/span>\n\t\t\t\t\t<\/span>\n\t\t\t\t\t<\/a>\n\t\t\t\t<\/div>\n\t\t\t\t\t\t\t\t<\/div>\n\t\t\t\t<\/div>\n\t\t\t\t<\/div>\n\t\t<div class=\"elementor-element elementor-element-cfd160c e-con-full e-flex e-con e-child\" data-id=\"cfd160c\" data-element_type=\"container\" data-settings=\"{&quot;background_background&quot;:&quot;classic&quot;}\">\n\t\t\t\t<div class=\"elementor-element elementor-element-8932022 e-transform elementor-widget-tablet__width-inherit elementor-widget__width-inherit elementor-widget elementor-widget-image\" data-id=\"8932022\" data-element_type=\"widget\" data-settings=\"{&quot;_transform_scale_effect_hover&quot;:{&quot;unit&quot;:&quot;px&quot;,&quot;size&quot;:1.1,&quot;sizes&quot;:[]},&quot;_transform_scale_effect_hover_tablet&quot;:{&quot;unit&quot;:&quot;px&quot;,&quot;size&quot;:&quot;&quot;,&quot;sizes&quot;:[]},&quot;_transform_scale_effect_hover_mobile&quot;:{&quot;unit&quot;:&quot;px&quot;,&quot;size&quot;:&quot;&quot;,&quot;sizes&quot;:[]}}\" data-widget_type=\"image.default\">\n\t\t\t\t<div class=\"elementor-widget-container\">\n\t\t\t\t\t\t\t\t\t\t\t\t\t\t\t<img decoding=\"async\" width=\"1728\" height=\"600\" src=\"https:\/\/vientosdelcaribe.com\/wp-content\/uploads\/2025\/01\/FoundationCard3.webp\" class=\"attachment-full size-full wp-image-101\" alt=\"FoundationCard3\" srcset=\"https:\/\/vientosdelcaribe.com\/wp-content\/uploads\/2025\/01\/FoundationCard3.webp 1728w, https:\/\/vientosdelcaribe.com\/wp-content\/uploads\/2025\/01\/FoundationCard3-300x104.webp 300w, https:\/\/vientosdelcaribe.com\/wp-content\/uploads\/2025\/01\/FoundationCard3-1024x356.webp 1024w, https:\/\/vientosdelcaribe.com\/wp-content\/uploads\/2025\/01\/FoundationCard3-768x267.webp 768w, https:\/\/vientosdelcaribe.com\/wp-content\/uploads\/2025\/01\/FoundationCard3-1536x533.webp 1536w\" sizes=\"(max-width: 1728px) 100vw, 1728px\" \/>\t\t\t\t\t\t\t\t\t\t\t\t\t\t\t<\/div>\n\t\t\t\t<\/div>\n\t\t\t\t<div class=\"elementor-element elementor-element-76493c6 elementor-widget__width-initial elementor-absolute elementor-widget elementor-widget-button\" data-id=\"76493c6\" data-element_type=\"widget\" data-settings=\"{&quot;_position&quot;:&quot;absolute&quot;}\" data-widget_type=\"button.default\">\n\t\t\t\t<div class=\"elementor-widget-container\">\n\t\t\t\t\t\t\t\t\t<div class=\"elementor-button-wrapper\">\n\t\t\t\t\t<a class=\"elementor-button elementor-size-sm\" role=\"button\">\n\t\t\t\t\t\t<span class=\"elementor-button-content-wrapper\">\n\t\t\t\t\t\t\t\t\t<span class=\"elementor-button-text\">education<\/span>\n\t\t\t\t\t<\/span>\n\t\t\t\t\t<\/a>\n\t\t\t\t<\/div>\n\t\t\t\t\t\t\t\t<\/div>\n\t\t\t\t<\/div>\n\t\t\t\t<\/div>\n\t\t\t\t<\/div>\n\t\t\t\t\t<\/div>\n\t\t\t\t<\/div>\n\t\t\t\t<\/div>\n\t\t","protected":false},"excerpt":{"rendered":"<p>Plantar semillas para las generaciones futuras Vientos Del Caribe ha creado la Fundaci\u00f3n Planta Una Planta con la mirada puesta en el futuro de nuestra comunidad local aqu\u00ed en Isla Margarita. El objetivo de la fundaci\u00f3n es plantar una semilla para que las generaciones futuras crezcan respetando la comunidad local y el trabajo.para garantizar que [&hellip;]<\/p>\n","protected":false},"author":1,"featured_media":0,"parent":0,"menu_order":0,"comment_status":"closed","ping_status":"closed","template":"","meta":{"footnotes":""},"class_list":["post-11","page","type-page","status-publish","hentry"],"_links":{"self":[{"href":"https:\/\/vientosdelcaribe.com\/es\/wp-json\/wp\/v2\/pages\/11","targetHints":{"allow":["GET"]}}],"collection":[{"href":"https:\/\/vientosdelcaribe.com\/es\/wp-json\/wp\/v2\/pages"}],"about":[{"href":"https:\/\/vientosdelcaribe.com\/es\/wp-json\/wp\/v2\/types\/page"}],"author":[{"embeddable":true,"href":"https:\/\/vientosdelcaribe.com\/es\/wp-json\/wp\/v2\/users\/1"}],"replies":[{"embeddable":true,"href":"https:\/\/vientosdelcaribe.com\/es\/wp-json\/wp\/v2\/comments?post=11"}],"version-history":[{"count":157,"href":"https:\/\/vientosdelcaribe.com\/es\/wp-json\/wp\/v2\/pages\/11\/revisions"}],"predecessor-version":[{"id":6032,"href":"https:\/\/vientosdelcaribe.com\/es\/wp-json\/wp\/v2\/pages\/11\/revisions\/6032"}],"wp:attachment":[{"href":"https:\/\/vientosdelcaribe.com\/es\/wp-json\/wp\/v2\/media?parent=11"}],"curies":[{"name":"wp","href":"https:\/\/api.w.org\/{rel}","templated":true}]}}